{"id":1713,"date":"2023-05-31T04:12:37","date_gmt":"2023-05-31T04:12:37","guid":{"rendered":"https:\/\/asprea.org\/sitio\/?page_id=1713"},"modified":"2023-05-31T04:16:39","modified_gmt":"2023-05-31T04:16:39","slug":"pie-de-imprenta","status":"publish","type":"page","link":"https:\/\/asprea.org\/index.php\/pie-de-imprenta\/","title":{"rendered":"Pie de Imprenta"},"content":{"rendered":"\n<h3 class=\"wp-block-heading\">Editor<\/h3>\n\n\n\n<p>Asociaci\u00f3n de Profesionales con Estudio en la Rep\u00fablica Federal de Alemania &#8211; ASPREA.<br>Direcci\u00f3n de Correspondencia: Carrera 11 A No. 93-52 (Sede del Goethe Institut) Bogot\u00e1 D.C. <\/p>\n\n\n\n<p>Internet:\u00a0<a rel=\"noreferrer noopener\" href=\"https:\/\/www.daad.de\/\" target=\"_blank\">https:\/\/www.asprea.org<\/a><\/p>\n\n\n\n<p>Asprea es una entidad sin \u00e1nimo de lucro (ESAL) de acuerdo con la legislaci\u00f3n colombiana. Su personer\u00eda jur\u00eddica fue reconocida el 12 de noviembre de 1979 por parte del Ministerio de Justicia mediante Resoluci\u00f3n  No. 3934 de 1979 de dicho Ministerio. Se public\u00f3 en el Diario Oficial No. 35501 el 21 de abril de 1980. <\/p>\n\n\n\n<p>Representante Legal: Alberto Grajales Henao. <\/p>\n\n\n\n<p>Suplente del Representan: Oscar Bernardo Villalobos L\u00f3pez.<\/p>\n\n\n\n<p>Tel: <a href=\"tel:+57 6017441293\">+57 6017441293<\/a> (Goethe Institut)<br>Email:\u00a0<a rel=\"noreferrer noopener\" href=\"mailto:info.bogota@daad.de\" target=\"_blank\">asprea01@yahoo.com<\/a><\/p>\n\n\n\n<h3 class=\"wp-block-heading\">Concepci\u00f3n, dise\u00f1o y redacci\u00f3n en l\u00ednea<\/h3>\n\n\n\n<p>El concepto, dise\u00f1o y elaboraci\u00f3n de la p\u00e1gina web es de ASPREA tomando como base la Aplicaci\u00f3n WordPress.<\/p>\n\n\n\n<h3 class=\"wp-block-heading\">Derechos de autor<\/h3>\n\n\n\n<p>Los derechos de autor de los textos y del dise\u00f1o gr\u00e1fico de esta p\u00e1gina y todas las p\u00e1ginas son de  ASPREA y de las personas indicadas.<br>La descarga y la impresi\u00f3n de textos, im\u00e1genes y elementos gr\u00e1ficos se permite solamente para uso personal, privado y sin fines de lucro. Es posible tambi\u00e9n que se  tengan algunas im\u00e1genes sometidas a la Licencia de documentaci\u00f3n libre de GNU. Se da cr\u00e9dito al autor de las respectivas im\u00e1genes. Toda la informaci\u00f3n que se encuentra en nuestra p\u00e1gina web cumple con las normas sobre propiedad intelectual y derechos de autor de acuerdo con las normas establecidas para el efecto por la legislaci\u00f3n colombiana.<\/p>\n\n\n\n<h3 class=\"wp-block-heading\">Exclusi\u00f3n de responsabilidad<\/h3>\n\n\n\n<p>A pesar de la gran diligencia con la que se trabaja, no se puede dar garant\u00eda alguna con respecto a la exactitud, integridad y actualidad de nuestra p\u00e1gina web y sus sub-p\u00e1ginas. En especial hacemos constar que los \u00fanicos responsables de los contenidos de otras p\u00e1ginas con las que establecemos enlaces son sus propios editores o autores. ASPREA no se puede hacer responsable de la exactitud de los contenidos publicados en dichas p\u00e1ginas.<\/p>\n\n\n\n<h3 class=\"wp-block-heading\">Aviso sobre la legibilidad<\/h3>\n\n\n\n<p>Por razones de legibilidad, en el texto se suele usar el g\u00e9nero masculino. Sin embargo, las indicaciones se refieren obviamente a ambos g\u00e9neros.<\/p>\n","protected":false},"excerpt":{"rendered":"<p>Editor Asociaci\u00f3n de Profesionales con Estudio en la Rep\u00fablica Federal de Alemania &#8211; ASPREA.Direcci\u00f3n de Correspondencia: Carrera 11 A No. 93-52 (Sede del Goethe Institut) Bogot\u00e1 D.C. Internet:\u00a0https:\/\/www.asprea.org Asprea es una entidad sin \u00e1nimo de lucro (ESAL) de acuerdo con la legislaci\u00f3n colombiana. Su personer\u00eda jur\u00eddica fue reconocida el 12 de noviembre de 1979 por [&hellip;]<\/p>\n","protected":false},"author":1,"featured_media":0,"parent":0,"menu_order":0,"comment_status":"closed","ping_status":"closed","template":"","meta":{"_uag_custom_page_level_css":"","site-sidebar-layout":"default","site-content-layout":"","ast-site-content-layout":"","site-content-style":"default","site-sidebar-style":"default","ast-global-header-display":"","ast-banner-title-visibility":"","ast-main-header-display":"","ast-hfb-above-header-display":"","ast-hfb-below-header-display":"","ast-hfb-mobile-header-display":"","site-post-title":"","ast-breadcrumbs-content":"","ast-featured-img":"","footer-sml-layout":"","theme-transparent-header-meta":"","adv-header-id-meta":"","stick-header-meta":"","header-above-stick-meta":"","header-main-stick-meta":"","header-below-stick-meta":"","astra-migrate-meta-layouts":"default","ast-page-background-enabled":"default","ast-page-background-meta":{"desktop":{"background-color":"var(--ast-global-color-4)","background-image":"","background-repeat":"repeat","background-position":"center center","background-size":"auto","background-attachment":"scroll","background-type":"","background-media":"","overlay-type":"","overlay-color":"","overlay-opacity":"","overlay-gradient":""},"tablet":{"background-color":"","background-image":"","background-repeat":"repeat","background-position":"center center","background-size":"auto","background-attachment":"scroll","background-type":"","background-media":"","overlay-type":"","overlay-color":"","overlay-opacity":"","overlay-gradient":""},"mobile":{"background-color":"","background-image":"","background-repeat":"repeat","background-position":"center center","background-size":"auto","background-attachment":"scroll","background-type":"","background-media":"","overlay-type":"","overlay-color":"","overlay-opacity":"","overlay-gradient":""}},"ast-content-background-meta":{"desktop":{"background-color":"var(--ast-global-color-5)","background-image":"","background-repeat":"repeat","background-position":"center center","background-size":"auto","background-attachment":"scroll","background-type":"","background-media":"","overlay-type":"","overlay-color":"","overlay-opacity":"","overlay-gradient":""},"tablet":{"background-color":"var(--ast-global-color-5)","background-image":"","background-repeat":"repeat","background-position":"center center","background-size":"auto","background-attachment":"scroll","background-type":"","background-media":"","overlay-type":"","overlay-color":"","overlay-opacity":"","overlay-gradient":""},"mobile":{"background-color":"var(--ast-global-color-5)","background-image":"","background-repeat":"repeat","background-position":"center center","background-size":"auto","background-attachment":"scroll","background-type":"","background-media":"","overlay-type":"","overlay-color":"","overlay-opacity":"","overlay-gradient":""}},"footnotes":""},"class_list":["post-1713","page","type-page","status-publish","hentry"],"uagb_featured_image_src":{"full":false,"thumbnail":false,"medium":false,"medium_large":false,"large":false,"1536x1536":false,"2048x2048":false},"uagb_author_info":{"display_name":"master","author_link":"https:\/\/asprea.org\/index.php\/author\/master\/"},"uagb_comment_info":0,"uagb_excerpt":"Editor Asociaci\u00f3n de Profesionales con Estudio en la Rep\u00fablica Federal de Alemania &#8211; ASPREA.Direcci\u00f3n de Correspondencia: Carrera 11 A No. 93-52 (Sede del Goethe Institut) Bogot\u00e1 D.C. Internet:\u00a0https:\/\/www.asprea.org Asprea es una entidad sin \u00e1nimo de lucro (ESAL) de acuerdo con la legislaci\u00f3n colombiana. Su personer\u00eda jur\u00eddica fue reconocida el 12 de noviembre de 1979 por&hellip;","_links":{"self":[{"href":"https:\/\/asprea.org\/index.php\/wp-json\/wp\/v2\/pages\/1713","targetHints":{"allow":["GET"]}}],"collection":[{"href":"https:\/\/asprea.org\/index.php\/wp-json\/wp\/v2\/pages"}],"about":[{"href":"https:\/\/asprea.org\/index.php\/wp-json\/wp\/v2\/types\/page"}],"author":[{"embeddable":true,"href":"https:\/\/asprea.org\/index.php\/wp-json\/wp\/v2\/users\/1"}],"replies":[{"embeddable":true,"href":"https:\/\/asprea.org\/index.php\/wp-json\/wp\/v2\/comments?post=1713"}],"version-history":[{"count":3,"href":"https:\/\/asprea.org\/index.php\/wp-json\/wp\/v2\/pages\/1713\/revisions"}],"predecessor-version":[{"id":1716,"href":"https:\/\/asprea.org\/index.php\/wp-json\/wp\/v2\/pages\/1713\/revisions\/1716"}],"wp:attachment":[{"href":"https:\/\/asprea.org\/index.php\/wp-json\/wp\/v2\/media?parent=1713"}],"curies":[{"name":"wp","href":"https:\/\/api.w.org\/{rel}","templated":true}]}}