{"id":1491,"date":"2023-05-22T21:25:44","date_gmt":"2023-05-22T21:25:44","guid":{"rendered":"https:\/\/asprea.org\/sitio\/?page_id=1491"},"modified":"2023-05-27T05:52:04","modified_gmt":"2023-05-27T05:52:04","slug":"revista","status":"publish","type":"page","link":"https:\/\/asprea.org\/index.php\/revista\/","title":{"rendered":"Revista"},"content":{"rendered":"\n<div class=\"wp-block-uagb-container uagb-block-6e300bf3 alignfull uagb-is-root-container\"><div class=\"uagb-container-inner-blocks-wrap\">\n<div class=\"wp-block-uagb-advanced-heading uagb-block-08d9cb55\"><h3 class=\"uagb-heading-text\">La  revista  <em>KONTAKT<\/em>   de Asprea  ha sido el medio para que  miembros de nuestra comunidad expresen sus opiniones sobre temas de actualidad.      <\/h3><\/div>\n<\/div><\/div>\n\n\n\n<div class=\"wp-block-uagb-container uagb-block-fea475be alignfull uagb-is-root-container\"><div class=\"uagb-container-inner-blocks-wrap\">\n<div class=\"wp-block-uagb-container uagb-block-4f16efec\">\n<div class=\"wp-block-uagb-image uagb-block-928e9c32 wp-block-uagb-image--layout-default wp-block-uagb-image--effect-static wp-block-uagb-image--align-none\"><figure class=\"wp-block-uagb-image__figure\"><img decoding=\"async\" srcset=\"https:\/\/asprea.org\/sitio\/wp-content\/uploads\/2023\/05\/kontakt1-min.png , https:\/\/asprea.org\/sitio\/wp-content\/uploads\/2023\/05\/asamblea-2017-300x169.jpeg 360w\" sizes=\"auto, (max-width: 480px) 150px\" src=\"https:\/\/asprea.org\/sitio\/wp-content\/uploads\/2023\/05\/kontakt1-min.png\" alt=\"\" class=\"uag-image-1605\" width=\"1024\" height=\"291\" title=\"\" loading=\"lazy\"\/><\/figure><\/div>\n<\/div>\n\n\n\n<div class=\"wp-block-uagb-container uagb-block-38966562\">\n<div class=\"wp-block-uagb-info-box uagb-block-4285dfb3 uagb-infobox__content-wrap  uagb-infobox-icon-above-title uagb-infobox-image-valign-top\"><div class=\"uagb-ifb-content\"><div class=\"uagb-ifb-title-wrap\"><h2 class=\"uagb-ifb-title\"><strong>Revista KONTAKT 1<\/strong><\/h2><\/div><p class=\"uagb-ifb-desc\">-Kultur und Wissenschaft<br>-La Innovaci\u00f3n Social<br>-Asprea, una parcela Alemania en Colombia<br>-Alemania ha marcado mi vida<br>-Sin l\u00edmites<\/p><div class=\"uagb-ifb-button-wrapper wp-block-button\"><a href=\"https:\/\/www.asprea.org\/imagenes\/Revista ASPREA1.pdf\" target=\"_blank\" onclick=\"return true;\" class=\"uagb-infobox-cta-link\" rel=\"noopener noreferrer\" alt=\"\"><span class=\"uagb-inline-editing\">Leer m\u00e1s<\/span><svg xmlns=\"https:\/\/www.w3.org\/2000\/svg\" viewBox=\"0 0 512 512\"><path d=\"M504.3 273.6l-112.1 104c-6.992 6.484-17.18 8.218-25.94 4.406c-8.758-3.812-14.42-12.45-14.42-21.1L351.9 288H32C14.33 288 .0002 273.7 .0002 255.1S14.33 224 32 224h319.9l0-72c0-9.547 5.66-18.19 14.42-22c8.754-3.809 18.95-2.075 25.94 4.41l112.1 104C514.6 247.9 514.6 264.1 504.3 273.6z\"><\/path><\/svg><\/a><\/div><\/div><\/div>\n<\/div>\n<\/div><\/div>\n\n\n\n<div class=\"wp-block-uagb-container uagb-block-36e18524 alignfull uagb-is-root-container\"><div class=\"uagb-container-inner-blocks-wrap\">\n<div class=\"wp-block-uagb-container uagb-block-a3dd5731\">\n<div class=\"wp-block-uagb-image uagb-block-1fdade8e wp-block-uagb-image--layout-default wp-block-uagb-image--effect-static wp-block-uagb-image--align-none\"><figure class=\"wp-block-uagb-image__figure\"><img decoding=\"async\" srcset=\"https:\/\/asprea.org\/sitio\/wp-content\/uploads\/2023\/05\/kontakt2-min.png , https:\/\/asprea.org\/sitio\/wp-content\/uploads\/2023\/05\/asamblea-2017-300x169.jpeg 360w\" sizes=\"auto, (max-width: 480px) 150px\" src=\"https:\/\/asprea.org\/sitio\/wp-content\/uploads\/2023\/05\/kontakt2-min.png\" alt=\"\" class=\"uag-image-1609\" width=\"1024\" height=\"291\" title=\"\" loading=\"lazy\"\/><\/figure><\/div>\n<\/div>\n\n\n\n<div class=\"wp-block-uagb-container uagb-block-4fc62a14\">\n<div class=\"wp-block-uagb-info-box uagb-block-584f6d65 uagb-infobox__content-wrap  uagb-infobox-icon-above-title uagb-infobox-image-valign-top\"><div class=\"uagb-ifb-content\"><div class=\"uagb-ifb-title-wrap\"><h2 class=\"uagb-ifb-title\"><strong>Revista KONTAKT <\/strong>2<\/h2><\/div><p class=\"uagb-ifb-desc\">-Entrevista con el Embajador de Alemania 2013<br>-Carlos Delgado. Gran productor de la DW-TV<br>-Puentes hacia el desarrollo sostenible<br>-Alumni Seminar, cooperaci\u00f3n, Universidad, Empresa, Estado.  <br>-Red para el cambio: de Berl\u00edn a Santa Cruz.<\/p><div class=\"uagb-ifb-button-wrapper wp-block-button\"><a href=\"https:\/\/www.asprea.org\/imagenes\/Revista ASPREA2.pdf\" target=\"_blank\" onclick=\"return true;\" class=\"uagb-infobox-cta-link\" rel=\"noopener noreferrer\" alt=\"\"><span class=\"uagb-inline-editing\">Leer m\u00e1s<\/span><svg xmlns=\"https:\/\/www.w3.org\/2000\/svg\" viewBox=\"0 0 512 512\"><path d=\"M504.3 273.6l-112.1 104c-6.992 6.484-17.18 8.218-25.94 4.406c-8.758-3.812-14.42-12.45-14.42-21.1L351.9 288H32C14.33 288 .0002 273.7 .0002 255.1S14.33 224 32 224h319.9l0-72c0-9.547 5.66-18.19 14.42-22c8.754-3.809 18.95-2.075 25.94 4.41l112.1 104C514.6 247.9 514.6 264.1 504.3 273.6z\"><\/path><\/svg><\/a><\/div><\/div><\/div>\n<\/div>\n<\/div><\/div>\n\n\n\n<div class=\"wp-block-uagb-container uagb-block-b6b6220a alignfull uagb-is-root-container\"><div class=\"uagb-container-inner-blocks-wrap\">\n<div class=\"wp-block-uagb-container uagb-block-ca569c95\">\n<div class=\"wp-block-uagb-image uagb-block-90e29c56 wp-block-uagb-image--layout-default wp-block-uagb-image--effect-static wp-block-uagb-image--align-none\"><figure class=\"wp-block-uagb-image__figure\"><img decoding=\"async\" srcset=\"https:\/\/asprea.org\/sitio\/wp-content\/uploads\/2023\/05\/kontakt3-min.png , https:\/\/asprea.org\/sitio\/wp-content\/uploads\/2023\/05\/asamblea-2017-300x169.jpeg 360w\" sizes=\"auto, (max-width: 480px) 150px\" src=\"https:\/\/asprea.org\/sitio\/wp-content\/uploads\/2023\/05\/kontakt3-min.png\" alt=\"\" class=\"uag-image-1611\" width=\"1024\" height=\"291\" title=\"\" loading=\"lazy\"\/><\/figure><\/div>\n<\/div>\n\n\n\n<div class=\"wp-block-uagb-container uagb-block-f6f0852f\">\n<div class=\"wp-block-uagb-info-box uagb-block-71b3b253 uagb-infobox__content-wrap  uagb-infobox-icon-above-title uagb-infobox-image-valign-top\"><div class=\"uagb-ifb-content\"><div class=\"uagb-ifb-title-wrap\"><h2 class=\"uagb-ifb-title\"><strong>Revista KONTAKT <\/strong>3<\/h2><\/div><p class=\"uagb-ifb-desc\">-Energ\u00eda solar FV en Colombia<br>-Transici\u00f3n a matriz energ\u00e9tica renovable en Uruguay<br>-Energ\u00edas renovables en la Rev. industrial 4.0<br>-Alemania la paz perpetua y la paz en Colombia.  <br>-Apertura de Oficina Regional DAAD en Bogot\u00e1.<\/p><div class=\"uagb-ifb-button-wrapper wp-block-button\"><a href=\"https:\/\/www.asprea.org\/imagenes\/Revista ASPREA3.pdf\" target=\"_blank\" onclick=\"return true;\" class=\"uagb-infobox-cta-link\" rel=\"noopener noreferrer\" alt=\"\"><span class=\"uagb-inline-editing\">Leer m\u00e1s<\/span><svg xmlns=\"https:\/\/www.w3.org\/2000\/svg\" viewBox=\"0 0 512 512\"><path d=\"M504.3 273.6l-112.1 104c-6.992 6.484-17.18 8.218-25.94 4.406c-8.758-3.812-14.42-12.45-14.42-21.1L351.9 288H32C14.33 288 .0002 273.7 .0002 255.1S14.33 224 32 224h319.9l0-72c0-9.547 5.66-18.19 14.42-22c8.754-3.809 18.95-2.075 25.94 4.41l112.1 104C514.6 247.9 514.6 264.1 504.3 273.6z\"><\/path><\/svg><\/a><\/div><\/div><\/div>\n<\/div>\n<\/div><\/div>\n\n\n\n<div class=\"wp-block-uagb-container uagb-block-e1b90c3f alignfull uagb-is-root-container\"><div class=\"uagb-container-inner-blocks-wrap\">\n<div class=\"wp-block-uagb-container uagb-block-97eabf3b\">\n<div class=\"wp-block-uagb-image uagb-block-1602bc43 wp-block-uagb-image--layout-default wp-block-uagb-image--effect-static wp-block-uagb-image--align-none\"><figure class=\"wp-block-uagb-image__figure\"><img decoding=\"async\" srcset=\"https:\/\/asprea.org\/sitio\/wp-content\/uploads\/2023\/05\/kontakexp.png , https:\/\/asprea.org\/sitio\/wp-content\/uploads\/2023\/05\/asamblea-2017-300x169.jpeg 360w\" sizes=\"auto, (max-width: 480px) 150px\" src=\"https:\/\/asprea.org\/sitio\/wp-content\/uploads\/2023\/05\/kontakexp.png\" alt=\"\" class=\"uag-image-1614\" width=\"1000\" height=\"200\" title=\"\" loading=\"lazy\"\/><\/figure><\/div>\n<\/div>\n\n\n\n<div class=\"wp-block-uagb-container uagb-block-a650197d\">\n<div class=\"wp-block-uagb-info-box uagb-block-1f39dca7 uagb-infobox__content-wrap  uagb-infobox-icon-above-title uagb-infobox-image-valign-top\"><div class=\"uagb-ifb-content\"><div class=\"uagb-ifb-title-wrap\"><h2 class=\"uagb-ifb-title\"><strong>Revista KONTAKT <\/strong>Express<\/h2><\/div><p class=\"uagb-ifb-desc\">-Ordenamiento territorial: Un pilar para la construcci\u00f3n de paz en Colombia<br>-Creando lazos sustentables para el intercambio acad\u00e9mico: El DAAD y los Alumni<br>-Instituciones alemanas en Colombia y la relaci\u00f3n con la comunidad Alumni.<\/p><div class=\"uagb-ifb-button-wrapper wp-block-button\"><a href=\"https:\/\/www.asprea.org\/imagenes\/Kontakt Express1.pdf\" target=\"_blank\" onclick=\"return true;\" class=\"uagb-infobox-cta-link\" rel=\"noopener noreferrer\" alt=\"\"><span class=\"uagb-inline-editing\">Leer m\u00e1s<\/span><svg xmlns=\"https:\/\/www.w3.org\/2000\/svg\" viewBox=\"0 0 512 512\"><path d=\"M504.3 273.6l-112.1 104c-6.992 6.484-17.18 8.218-25.94 4.406c-8.758-3.812-14.42-12.45-14.42-21.1L351.9 288H32C14.33 288 .0002 273.7 .0002 255.1S14.33 224 32 224h319.9l0-72c0-9.547 5.66-18.19 14.42-22c8.754-3.809 18.95-2.075 25.94 4.41l112.1 104C514.6 247.9 514.6 264.1 504.3 273.6z\"><\/path><\/svg><\/a><\/div><\/div><\/div>\n<\/div>\n<\/div><\/div>\n\n\n\n<div class=\"wp-block-uagb-container uagb-block-26c52927 alignfull uagb-is-root-container\"><div class=\"uagb-container__shape uagb-container__shape-top\"><svg xmlns=\"https:\/\/www.w3.org\/2000\/svg\" viewBox=\"0 0 1000 100\" preserveAspectRatio=\"none\"><path class=\"uagb-container__shape-fill\" opacity=\"0.33\" d=\"M473,67.3c-203.9,88.3-263.1-34-320.3,0C66,119.1,0,59.7,0,59.7V0h1000v59.7 c0,0-62.1,26.1-94.9,29.3c-32.8,3.3-62.8-12.3-75.8-22.1C806,49.6,745.3,8.7,694.9,4.7S492.4,59,473,67.3z\"><\/path><path class=\"uagb-container__shape-fill\" opacity=\"0.66\" d=\"M734,67.3c-45.5,0-77.2-23.2-129.1-39.1c-28.6-8.7-150.3-10.1-254,39.1 s-91.7-34.4-149.2,0C115.7,118.3,0,39.8,0,39.8V0h1000v36.5c0,0-28.2-18.5-92.1-18.5C810.2,18.1,775.7,67.3,734,67.3z\"><\/path><path class=\"uagb-container__shape-fill\" d=\"M766.1,28.9c-200-57.5-266,65.5-395.1,19.5C242,1.8,242,5.4,184.8,20.6C128,35.8,132.3,44.9,89.9,52.5C28.6,63.7,0,0,0,0 h1000c0,0-9.9,40.9-83.6,48.1S829.6,47,766.1,28.9z\"><\/path><\/svg><\/div><div class=\"uagb-container-inner-blocks-wrap\"><\/div><\/div>\n","protected":false},"excerpt":{"rendered":"<p>La revista KONTAKT de Asprea ha sido el medio para que miembros de nuestra comunidad expresen sus opiniones sobre temas de actualidad.<\/p>\n","protected":false},"author":1,"featured_media":0,"parent":0,"menu_order":0,"comment_status":"closed","ping_status":"closed","template":"","meta":{"_uag_custom_page_level_css":"","site-sidebar-layout":"default","site-content-layout":"","ast-site-content-layout":"","site-content-style":"default","site-sidebar-style":"default","ast-global-header-display":"","ast-banner-title-visibility":"","ast-main-header-display":"","ast-hfb-above-header-display":"","ast-hfb-below-header-display":"","ast-hfb-mobile-header-display":"","site-post-title":"disabled","ast-breadcrumbs-content":"","ast-featured-img":"","footer-sml-layout":"","theme-transparent-header-meta":"disabled","adv-header-id-meta":"","stick-header-meta":"","header-above-stick-meta":"","header-main-stick-meta":"","header-below-stick-meta":"","astra-migrate-meta-layouts":"default","ast-page-background-enabled":"default","ast-page-background-meta":{"desktop":{"background-color":"var(--ast-global-color-4)","background-image":"","background-repeat":"repeat","background-position":"center center","background-size":"auto","background-attachment":"scroll","background-type":"","background-media":"","overlay-type":"","overlay-color":"","overlay-opacity":"","overlay-gradient":""},"tablet":{"background-color":"","background-image":"","background-repeat":"repeat","background-position":"center center","background-size":"auto","background-attachment":"scroll","background-type":"","background-media":"","overlay-type":"","overlay-color":"","overlay-opacity":"","overlay-gradient":""},"mobile":{"background-color":"","background-image":"","background-repeat":"repeat","background-position":"center center","background-size":"auto","background-attachment":"scroll","background-type":"","background-media":"","overlay-type":"","overlay-color":"","overlay-opacity":"","overlay-gradient":""}},"ast-content-background-meta":{"desktop":{"background-color":"var(--ast-global-color-5)","background-image":"","background-repeat":"repeat","background-position":"center center","background-size":"auto","background-attachment":"scroll","background-type":"","background-media":"","overlay-type":"","overlay-color":"","overlay-opacity":"","overlay-gradient":""},"tablet":{"background-color":"var(--ast-global-color-5)","background-image":"","background-repeat":"repeat","background-position":"center center","background-size":"auto","background-attachment":"scroll","background-type":"","background-media":"","overlay-type":"","overlay-color":"","overlay-opacity":"","overlay-gradient":""},"mobile":{"background-color":"var(--ast-global-color-5)","background-image":"","background-repeat":"repeat","background-position":"center center","background-size":"auto","background-attachment":"scroll","background-type":"","background-media":"","overlay-type":"","overlay-color":"","overlay-opacity":"","overlay-gradient":""}},"footnotes":""},"class_list":["post-1491","page","type-page","status-publish","hentry"],"uagb_featured_image_src":{"full":false,"thumbnail":false,"medium":false,"medium_large":false,"large":false,"1536x1536":false,"2048x2048":false},"uagb_author_info":{"display_name":"master","author_link":"https:\/\/asprea.org\/index.php\/author\/master\/"},"uagb_comment_info":0,"uagb_excerpt":"La revista KONTAKT de Asprea ha sido el medio para que miembros de nuestra comunidad expresen sus opiniones sobre temas de actualidad.","_links":{"self":[{"href":"https:\/\/asprea.org\/index.php\/wp-json\/wp\/v2\/pages\/1491","targetHints":{"allow":["GET"]}}],"collection":[{"href":"https:\/\/asprea.org\/index.php\/wp-json\/wp\/v2\/pages"}],"about":[{"href":"https:\/\/asprea.org\/index.php\/wp-json\/wp\/v2\/types\/page"}],"author":[{"embeddable":true,"href":"https:\/\/asprea.org\/index.php\/wp-json\/wp\/v2\/users\/1"}],"replies":[{"embeddable":true,"href":"https:\/\/asprea.org\/index.php\/wp-json\/wp\/v2\/comments?post=1491"}],"version-history":[{"count":12,"href":"https:\/\/asprea.org\/index.php\/wp-json\/wp\/v2\/pages\/1491\/revisions"}],"predecessor-version":[{"id":1616,"href":"https:\/\/asprea.org\/index.php\/wp-json\/wp\/v2\/pages\/1491\/revisions\/1616"}],"wp:attachment":[{"href":"https:\/\/asprea.org\/index.php\/wp-json\/wp\/v2\/media?parent=1491"}],"curies":[{"name":"wp","href":"https:\/\/api.w.org\/{rel}","templated":true}]}}