{"id":1487,"date":"2023-05-22T21:20:43","date_gmt":"2023-05-22T21:20:43","guid":{"rendered":"https:\/\/asprea.org\/sitio\/?page_id=1487"},"modified":"2024-08-08T02:24:25","modified_gmt":"2024-08-08T02:24:25","slug":"enlaces","status":"publish","type":"page","link":"https:\/\/asprea.org\/index.php\/enlaces\/","title":{"rendered":"Enlaces"},"content":{"rendered":"\n<div class=\"wp-block-uagb-container uagb-block-8214b28d alignfull uagb-is-root-container\"><div class=\"uagb-container-inner-blocks-wrap\">\n<div class=\"wp-block-uagb-advanced-heading uagb-block-8cd4df74\"><h3 class=\"uagb-heading-text\">Aqu\u00ed se encuentran enlaces de inter\u00e9s a nuestra comunidad Alumni de instituciones tanto en Colombia como Alemania    <\/h3><\/div>\n<\/div><\/div>\n\n\n\n<div class=\"wp-block-uagb-container uagb-block-bc47846b alignfull uagb-is-root-container\"><div class=\"uagb-container-inner-blocks-wrap\">\n<div class=\"wp-block-uagb-container uagb-block-99d352ef\">\n<div class=\"wp-block-uagb-image uagb-block-29ba2be8 wp-block-uagb-image--layout-default wp-block-uagb-image--effect-zoomin wp-block-uagb-image--align-none\"><figure class=\"wp-block-uagb-image__figure\"><img decoding=\"async\" srcset=\"https:\/\/asprea.org\/sitio\/wp-content\/uploads\/2023\/05\/APD.png ,https:\/\/asprea.org\/sitio\/wp-content\/uploads\/2023\/05\/APD.png 780w, https:\/\/asprea.org\/sitio\/wp-content\/uploads\/2023\/05\/asamblea-2017-300x169.jpeg 360w\" sizes=\"auto, (max-width: 480px) 150px\" src=\"https:\/\/asprea.org\/sitio\/wp-content\/uploads\/2023\/05\/APD.png\" alt=\"\" class=\"uag-image-1558\" width=\"1024\" height=\"210\" title=\"\" loading=\"lazy\" role=\"img\"\/><\/figure><\/div>\n<\/div>\n\n\n\n<div class=\"wp-block-uagb-container uagb-block-db2ab7ee\">\n<div class=\"wp-block-uagb-info-box uagb-block-11cb7f9c uagb-infobox__content-wrap  uagb-infobox-icon-above-title uagb-infobox-image-valign-top\"><div class=\"uagb-ifb-content\"><div class=\"uagb-ifb-title-wrap\"><h2 class=\"uagb-ifb-title\"><strong>Alumni Portal Deutschland<\/strong><\/h2><\/div><p class=\"uagb-ifb-desc\">En el APD encontrar\u00e1 valiosa informaci\u00f3n sobre Desarrollo Profesional, Eventos y Actividades, Ofertas a Alumni, Universidades, Redes Alumni, Empresas y Socios. Igualmente informaci\u00f3n sobre oportunidades laborales en Alemania as\u00ed como posibilidades de participaci\u00f3n en proyectos. Cursos virtuales y presenciales sobre habilidades sociales y comunicaci\u00f3n. tambien informaci\u00f3n de actualidad sobre temas t\u00e9cnicos y acad\u00e9micos. Informaci\u00f3n en alem\u00e1n e Ingl\u00e9s.&nbsp;<\/p><div class=\"uagb-ifb-button-wrapper wp-block-button\"><a href=\"https:\/\/www.alumniportal-deutschland.org\/de\/\" target=\"_blank\" onclick=\"return true;\" class=\"uagb-infobox-cta-link\" rel=\"noopener noreferrer\" alt=\"\"><span class=\"uagb-inline-editing\">Leer m\u00e1s<\/span><svg xmlns=\"https:\/\/www.w3.org\/2000\/svg\" viewBox=\"0 0 512 512\"><path d=\"M504.3 273.6l-112.1 104c-6.992 6.484-17.18 8.218-25.94 4.406c-8.758-3.812-14.42-12.45-14.42-21.1L351.9 288H32C14.33 288 .0002 273.7 .0002 255.1S14.33 224 32 224h319.9l0-72c0-9.547 5.66-18.19 14.42-22c8.754-3.809 18.95-2.075 25.94 4.41l112.1 104C514.6 247.9 514.6 264.1 504.3 273.6z\"><\/path><\/svg><\/a><\/div><\/div><\/div>\n<\/div>\n<\/div><\/div>\n\n\n\n<div class=\"wp-block-uagb-container uagb-block-224e9c27 alignfull uagb-is-root-container\"><div class=\"uagb-container-inner-blocks-wrap\">\n<div class=\"wp-block-uagb-container uagb-block-7ad6454b\">\n<div class=\"wp-block-uagb-image uagb-block-74189cde wp-block-uagb-image--layout-default wp-block-uagb-image--effect-static wp-block-uagb-image--align-none\"><figure class=\"wp-block-uagb-image__figure\"><img decoding=\"async\" srcset=\"https:\/\/asprea.org\/sitio\/wp-content\/uploads\/2023\/05\/Bildschirmfoto-2023-05-25-um-19.08.49.png , https:\/\/asprea.org\/sitio\/wp-content\/uploads\/2023\/05\/asamblea-2017-300x169.jpeg 360w\" sizes=\"auto, (max-width: 480px) 150px\" src=\"https:\/\/asprea.org\/sitio\/wp-content\/uploads\/2023\/05\/Bildschirmfoto-2023-05-25-um-19.08.49.png\" alt=\"\" class=\"uag-image-1564\" width=\"1054\" height=\"231\" title=\"\" loading=\"lazy\" role=\"img\"\/><\/figure><\/div>\n<\/div>\n\n\n\n<div class=\"wp-block-uagb-container uagb-block-97e5e5d7\">\n<div class=\"wp-block-uagb-info-box uagb-block-888ae260 uagb-infobox__content-wrap  uagb-infobox-icon-above-title uagb-infobox-image-valign-top\"><div class=\"uagb-ifb-content\"><div class=\"uagb-ifb-title-wrap\"><h2 class=\"uagb-ifb-title\"><strong>Servicio Alem\u00e1n de Intercambio Acad\u00e9mico (DAAD)<\/strong><\/h2><\/div><p class=\"uagb-ifb-desc\">La Oficina Regional del DAAD es responsable por La promoci\u00f3n de Becas, estudio e investigaci\u00f3n en Alemania y los pa\u00edses de la regi\u00f3n andina Colombia, Ecuador Per\u00fa y Venezuela.&nbsp;<br><\/p><div class=\"uagb-ifb-button-wrapper wp-block-button\"><a href=\"https:\/\/www.daad.co\/es\/\" target=\"_blank\" onclick=\"return true;\" class=\"uagb-infobox-cta-link\" rel=\"noopener noreferrer\" alt=\"\"><span class=\"uagb-inline-editing\">Leer m\u00e1s<\/span><svg xmlns=\"https:\/\/www.w3.org\/2000\/svg\" viewBox=\"0 0 512 512\"><path d=\"M504.3 273.6l-112.1 104c-6.992 6.484-17.18 8.218-25.94 4.406c-8.758-3.812-14.42-12.45-14.42-21.1L351.9 288H32C14.33 288 .0002 273.7 .0002 255.1S14.33 224 32 224h319.9l0-72c0-9.547 5.66-18.19 14.42-22c8.754-3.809 18.95-2.075 25.94 4.41l112.1 104C514.6 247.9 514.6 264.1 504.3 273.6z\"><\/path><\/svg><\/a><\/div><\/div><\/div>\n<\/div>\n<\/div><\/div>\n\n\n\n<div class=\"wp-block-uagb-container uagb-block-5a5b41b5 alignfull uagb-is-root-container\"><div class=\"uagb-container-inner-blocks-wrap\">\n<div class=\"wp-block-uagb-container uagb-block-0d7c54b4\">\n<div class=\"wp-block-uagb-image aligncenter uagb-block-454de3d8 wp-block-uagb-image--layout-default wp-block-uagb-image--effect-static wp-block-uagb-image--align-center\"><figure class=\"wp-block-uagb-image__figure\"><img decoding=\"async\" srcset=\"https:\/\/asprea.org\/sitio\/wp-content\/uploads\/2023\/05\/Logo-GI-vert-187x300.jpg ,https:\/\/asprea.org\/sitio\/wp-content\/uploads\/2023\/05\/Logo-GI-vert-150x150.jpg 780w, https:\/\/asprea.org\/sitio\/wp-content\/uploads\/2023\/05\/Logo-GI-vert-187x300.jpg 360w\" sizes=\"auto, (max-width: 480px) 150px\" src=\"https:\/\/asprea.org\/sitio\/wp-content\/uploads\/2023\/05\/Logo-GI-vert-187x300.jpg\" alt=\"\" class=\"uag-image-1567\" width=\"187\" height=\"300\" title=\"\" loading=\"lazy\" role=\"img\"\/><\/figure><\/div>\n<\/div>\n\n\n\n<div class=\"wp-block-uagb-container uagb-block-0325253b\">\n<div class=\"wp-block-uagb-info-box uagb-block-10dee394 uagb-infobox__content-wrap  uagb-infobox-icon-above-title uagb-infobox-image-valign-top\"><div class=\"uagb-ifb-content\"><div class=\"uagb-ifb-title-wrap\"><h2 class=\"uagb-ifb-title\"><strong>Goethe Institut <\/strong><\/h2><\/div><p class=\"uagb-ifb-desc\">El Goethe-Institut es la instituci\u00f3n cultural de la Rep\u00fablica Federal de Alemania en el mundo. Promueve el conocimiento del idioma alem\u00e1n en el extranjero y fomenta la cooperaci\u00f3n cultural internacional.&nbsp;<\/p><div class=\"uagb-ifb-button-wrapper wp-block-button\"><a href=\"https:\/\/www.goethe.de\/ins\/co\/es\/index.html\" target=\"_blank\" onclick=\"return true;\" class=\"uagb-infobox-cta-link\" rel=\"noopener noreferrer\" alt=\"\"><span class=\"uagb-inline-editing\">Leer m\u00e1s<\/span><svg xmlns=\"https:\/\/www.w3.org\/2000\/svg\" viewBox=\"0 0 512 512\"><path d=\"M504.3 273.6l-112.1 104c-6.992 6.484-17.18 8.218-25.94 4.406c-8.758-3.812-14.42-12.45-14.42-21.1L351.9 288H32C14.33 288 .0002 273.7 .0002 255.1S14.33 224 32 224h319.9l0-72c0-9.547 5.66-18.19 14.42-22c8.754-3.809 18.95-2.075 25.94 4.41l112.1 104C514.6 247.9 514.6 264.1 504.3 273.6z\"><\/path><\/svg><\/a><\/div><\/div><\/div>\n<\/div>\n<\/div><\/div>\n\n\n\n<div class=\"wp-block-uagb-container uagb-block-10673974 alignfull uagb-is-root-container\"><div class=\"uagb-container-inner-blocks-wrap\">\n<div class=\"wp-block-uagb-container uagb-block-4a7278d0\">\n<div class=\"wp-block-uagb-image uagb-block-c1592349 wp-block-uagb-image--layout-default wp-block-uagb-image--effect-static wp-block-uagb-image--align-none\"><figure class=\"wp-block-uagb-image__figure\"><img decoding=\"async\" srcset=\"https:\/\/asprea.org\/sitio\/wp-content\/uploads\/2023\/05\/Logo-embajada-BRD-bogota.jpg , https:\/\/asprea.org\/sitio\/wp-content\/uploads\/2023\/05\/asamblea-2017-300x169.jpeg 360w\" sizes=\"auto, (max-width: 480px) 150px\" src=\"https:\/\/asprea.org\/sitio\/wp-content\/uploads\/2023\/05\/Logo-embajada-BRD-bogota.jpg\" alt=\"\" class=\"uag-image-1574\" width=\"509\" height=\"190\" title=\"\" loading=\"lazy\" role=\"img\"\/><\/figure><\/div>\n<\/div>\n\n\n\n<div class=\"wp-block-uagb-container uagb-block-e833118d\">\n<div class=\"wp-block-uagb-info-box uagb-block-78a314e1 uagb-infobox__content-wrap  uagb-infobox-icon-above-title uagb-infobox-image-valign-top\"><div class=\"uagb-ifb-content\"><div class=\"uagb-ifb-title-wrap\"><h2 class=\"uagb-ifb-title\"><strong>Embajada de la Rep\u00fablica Federal de Alemania en Colombia<\/strong><\/h2><\/div><p class=\"uagb-ifb-desc\">La Embajada de Alemania en Bogot\u00e1 es el punto de contacto oficial del gobierno alem\u00e1n en Colombia. Ofrece servicios relacionados con la expedici\u00f3n de pasaportes a los ciudadanos alemanes, visas y otras asuntos consulares a ciudadanos colombianos. Asesora en temas relacionados con la nacionalidad alemana, autenticaci\u00f3n de firmas y fotocopias. La Embajada depende directamente del Ministerio Federal de Relaciones Exteriores de Alemania.   &nbsp;<\/p><div class=\"uagb-ifb-button-wrapper wp-block-button\"><a href=\"https:\/\/bogota.diplo.de\/co-es\" target=\"_self\" onclick=\"return true;\" class=\"uagb-infobox-cta-link\" rel=\"noopener noreferrer\" alt=\"\"><span class=\"uagb-inline-editing\">Leer m\u00e1s<\/span><svg xmlns=\"https:\/\/www.w3.org\/2000\/svg\" viewBox=\"0 0 512 512\"><path d=\"M504.3 273.6l-112.1 104c-6.992 6.484-17.18 8.218-25.94 4.406c-8.758-3.812-14.42-12.45-14.42-21.1L351.9 288H32C14.33 288 .0002 273.7 .0002 255.1S14.33 224 32 224h319.9l0-72c0-9.547 5.66-18.19 14.42-22c8.754-3.809 18.95-2.075 25.94 4.41l112.1 104C514.6 247.9 514.6 264.1 504.3 273.6z\"><\/path><\/svg><\/a><\/div><\/div><\/div>\n<\/div>\n<\/div><\/div>\n\n\n\n<div class=\"wp-block-uagb-container uagb-block-6305d058 alignfull uagb-is-root-container\"><div class=\"uagb-container-inner-blocks-wrap\">\n<div class=\"wp-block-uagb-container uagb-block-fe899734\">\n<div class=\"wp-block-uagb-image uagb-block-2eb935c2 wp-block-uagb-image--layout-default wp-block-uagb-image--effect-static wp-block-uagb-image--align-none\"><figure class=\"wp-block-uagb-image__figure\"><img decoding=\"async\" srcset=\"https:\/\/asprea.org\/sitio\/wp-content\/uploads\/2023\/05\/Bildschirmfoto-2023-05-25-um-22.21.40.png ,https:\/\/asprea.org\/sitio\/wp-content\/uploads\/2023\/05\/Bildschirmfoto-2023-05-25-um-22.21.40.png 780w, https:\/\/asprea.org\/sitio\/wp-content\/uploads\/2023\/05\/Bildschirmfoto-2023-05-25-um-22.21.40.png 360w\" sizes=\"auto, (max-width: 480px) 150px\" src=\"https:\/\/asprea.org\/sitio\/wp-content\/uploads\/2023\/05\/Bildschirmfoto-2023-05-25-um-22.21.40.png\" alt=\"\" class=\"uag-image-1587\" width=\"400\" height=\"200\" title=\"\" loading=\"lazy\" role=\"img\"\/><\/figure><\/div>\n<\/div>\n\n\n\n<div class=\"wp-block-uagb-container uagb-block-4013e027\">\n<div class=\"wp-block-uagb-info-box uagb-block-edd8bea6 uagb-infobox__content-wrap  uagb-infobox-icon-above-title uagb-infobox-image-valign-top\"><div class=\"uagb-ifb-content\"><div class=\"uagb-ifb-title-wrap\"><h2 class=\"uagb-ifb-title\">Deutsch-Kolumbianische Industrie- und Handelskammer<strong> <\/strong><\/h2><\/div><p class=\"uagb-ifb-desc\">La C\u00e1mara de Comercio Colombo-Alemana forma parte de la red de C\u00e1maras de Comercio Alemanas en todo el mundo y que son promovidas por el Ministerio Federal para la Econom\u00eda y la Energ\u00eda con base en una resoluci\u00f3n del parlamento federal alem\u00e1n.&nbsp;Su funci\u00f3n principal es el asesoramiento, la conexi\u00f3n, la innovaci\u00f3n y el impulso de los negocios entre compa\u00f1\u00edas alemanas y compa\u00f1\u00edas de los pa\u00edses en donde tienen sus sedes.<\/p><div class=\"uagb-ifb-button-wrapper wp-block-button\"><a href=\"https:\/\/www.ahk-colombia.com\/\" target=\"_blank\" onclick=\"return true;\" class=\"uagb-infobox-cta-link\" rel=\"noopener noreferrer\" alt=\"\"><span class=\"uagb-inline-editing\">Leer m\u00e1s<\/span><svg xmlns=\"https:\/\/www.w3.org\/2000\/svg\" viewBox=\"0 0 512 512\"><path d=\"M504.3 273.6l-112.1 104c-6.992 6.484-17.18 8.218-25.94 4.406c-8.758-3.812-14.42-12.45-14.42-21.1L351.9 288H32C14.33 288 .0002 273.7 .0002 255.1S14.33 224 32 224h319.9l0-72c0-9.547 5.66-18.19 14.42-22c8.754-3.809 18.95-2.075 25.94 4.41l112.1 104C514.6 247.9 514.6 264.1 504.3 273.6z\"><\/path><\/svg><\/a><\/div><\/div><\/div>\n<\/div>\n<\/div><\/div>\n\n\n\n<div class=\"wp-block-uagb-container uagb-block-5c1a76ec alignfull uagb-is-root-container\"><div class=\"uagb-container__shape uagb-container__shape-top\"><svg xmlns=\"https:\/\/www.w3.org\/2000\/svg\" viewBox=\"0 0 1000 100\" preserveAspectRatio=\"none\"><path class=\"uagb-container__shape-fill\" opacity=\"0.33\" d=\"M473,67.3c-203.9,88.3-263.1-34-320.3,0C66,119.1,0,59.7,0,59.7V0h1000v59.7 c0,0-62.1,26.1-94.9,29.3c-32.8,3.3-62.8-12.3-75.8-22.1C806,49.6,745.3,8.7,694.9,4.7S492.4,59,473,67.3z\"><\/path><path class=\"uagb-container__shape-fill\" opacity=\"0.66\" d=\"M734,67.3c-45.5,0-77.2-23.2-129.1-39.1c-28.6-8.7-150.3-10.1-254,39.1 s-91.7-34.4-149.2,0C115.7,118.3,0,39.8,0,39.8V0h1000v36.5c0,0-28.2-18.5-92.1-18.5C810.2,18.1,775.7,67.3,734,67.3z\"><\/path><path class=\"uagb-container__shape-fill\" d=\"M766.1,28.9c-200-57.5-266,65.5-395.1,19.5C242,1.8,242,5.4,184.8,20.6C128,35.8,132.3,44.9,89.9,52.5C28.6,63.7,0,0,0,0 h1000c0,0-9.9,40.9-83.6,48.1S829.6,47,766.1,28.9z\"><\/path><\/svg><\/div><div class=\"uagb-container-inner-blocks-wrap\"><\/div><\/div>\n","protected":false},"excerpt":{"rendered":"<p>Aqu\u00ed se encuentran enlaces de inter\u00e9s a nuestra comunidad Alumni de instituciones tanto en Colombia como Alemania<\/p>\n","protected":false},"author":1,"featured_media":0,"parent":0,"menu_order":0,"comment_status":"closed","ping_status":"closed","template":"","meta":{"_uag_custom_page_level_css":"","site-sidebar-layout":"default","site-content-layout":"","ast-site-content-layout":"default","site-content-style":"default","site-sidebar-style":"default","ast-global-header-display":"","ast-banner-title-visibility":"","ast-main-header-display":"","ast-hfb-above-header-display":"","ast-hfb-below-header-display":"","ast-hfb-mobile-header-display":"","site-post-title":"disabled","ast-breadcrumbs-content":"","ast-featured-img":"","footer-sml-layout":"","theme-transparent-header-meta":"disabled","adv-header-id-meta":"","stick-header-meta":"","header-above-stick-meta":"","header-main-stick-meta":"","header-below-stick-meta":"","astra-migrate-meta-layouts":"set","ast-page-background-enabled":"default","ast-page-background-meta":{"desktop":{"background-color":"var(--ast-global-color-4)","background-image":"","background-repeat":"repeat","background-position":"center center","background-size":"auto","background-attachment":"scroll","background-type":"","background-media":"","overlay-type":"","overlay-color":"","overlay-opacity":"","overlay-gradient":""},"tablet":{"background-color":"","background-image":"","background-repeat":"repeat","background-position":"center center","background-size":"auto","background-attachment":"scroll","background-type":"","background-media":"","overlay-type":"","overlay-color":"","overlay-opacity":"","overlay-gradient":""},"mobile":{"background-color":"","background-image":"","background-repeat":"repeat","background-position":"center center","background-size":"auto","background-attachment":"scroll","background-type":"","background-media":"","overlay-type":"","overlay-color":"","overlay-opacity":"","overlay-gradient":""}},"ast-content-background-meta":{"desktop":{"background-color":"var(--ast-global-color-5)","background-image":"","background-repeat":"repeat","background-position":"center center","background-size":"auto","background-attachment":"scroll","background-type":"","background-media":"","overlay-type":"","overlay-color":"","overlay-opacity":"","overlay-gradient":""},"tablet":{"background-color":"var(--ast-global-color-5)","background-image":"","background-repeat":"repeat","background-position":"center center","background-size":"auto","background-attachment":"scroll","background-type":"","background-media":"","overlay-type":"","overlay-color":"","overlay-opacity":"","overlay-gradient":""},"mobile":{"background-color":"var(--ast-global-color-5)","background-image":"","background-repeat":"repeat","background-position":"center center","background-size":"auto","background-attachment":"scroll","background-type":"","background-media":"","overlay-type":"","overlay-color":"","overlay-opacity":"","overlay-gradient":""}},"footnotes":""},"class_list":["post-1487","page","type-page","status-publish","hentry"],"uagb_featured_image_src":{"full":false,"thumbnail":false,"medium":false,"medium_large":false,"large":false,"1536x1536":false,"2048x2048":false},"uagb_author_info":{"display_name":"master","author_link":"https:\/\/asprea.org\/index.php\/author\/master\/"},"uagb_comment_info":0,"uagb_excerpt":"Aqu\u00ed se encuentran enlaces de inter\u00e9s a nuestra comunidad Alumni de instituciones tanto en Colombia como Alemania","_links":{"self":[{"href":"https:\/\/asprea.org\/index.php\/wp-json\/wp\/v2\/pages\/1487","targetHints":{"allow":["GET"]}}],"collection":[{"href":"https:\/\/asprea.org\/index.php\/wp-json\/wp\/v2\/pages"}],"about":[{"href":"https:\/\/asprea.org\/index.php\/wp-json\/wp\/v2\/types\/page"}],"author":[{"embeddable":true,"href":"https:\/\/asprea.org\/index.php\/wp-json\/wp\/v2\/users\/1"}],"replies":[{"embeddable":true,"href":"https:\/\/asprea.org\/index.php\/wp-json\/wp\/v2\/comments?post=1487"}],"version-history":[{"count":33,"href":"https:\/\/asprea.org\/index.php\/wp-json\/wp\/v2\/pages\/1487\/revisions"}],"predecessor-version":[{"id":1890,"href":"https:\/\/asprea.org\/index.php\/wp-json\/wp\/v2\/pages\/1487\/revisions\/1890"}],"wp:attachment":[{"href":"https:\/\/asprea.org\/index.php\/wp-json\/wp\/v2\/media?parent=1487"}],"curies":[{"name":"wp","href":"https:\/\/api.w.org\/{rel}","templated":true}]}}