{"id":1276,"date":"2023-05-08T02:12:04","date_gmt":"2023-05-08T02:12:04","guid":{"rendered":"https:\/\/asprea.org\/sitio\/?page_id=1276"},"modified":"2024-05-31T15:19:19","modified_gmt":"2024-05-31T15:19:19","slug":"documentos","status":"publish","type":"page","link":"https:\/\/asprea.org\/index.php\/documentos\/","title":{"rendered":"Documentos"},"content":{"rendered":"\n<div class=\"wp-block-uagb-container uagb-block-c796d82f alignfull uagb-is-root-container\"><div class=\"uagb-container-inner-blocks-wrap\">\n<div class=\"wp-block-uagb-advanced-heading uagb-block-b4861220\"><h3 class=\"uagb-heading-text\">Adem\u00e1s  de nuestros informes encontrar\u00e1  documentos hist\u00f3ricos escritos  por asociados sobre sus experiencias en Alemania.  <\/h3><\/div>\n<\/div><\/div>\n\n\n\n<div class=\"wp-block-uagb-container uagb-block-65ecc517 alignfull uagb-is-root-container\"><div class=\"uagb-container-inner-blocks-wrap\">\n<div class=\"wp-block-uagb-container uagb-block-4e304314\">\n<div class=\"wp-block-uagb-image uagb-block-b2fbda59 wp-block-uagb-image--layout-default wp-block-uagb-image--effect-static wp-block-uagb-image--align-none\"><figure class=\"wp-block-uagb-image__figure\"><img decoding=\"async\" srcset=\"https:\/\/asprea.org\/sitio\/wp-content\/uploads\/2023\/05\/semnar-asprea-2012-min.jpeg , https:\/\/asprea.org\/sitio\/wp-content\/uploads\/2023\/05\/asamblea-2017-300x169.jpeg 360w\" sizes=\"auto, (max-width: 480px) 150px\" src=\"https:\/\/asprea.org\/sitio\/wp-content\/uploads\/2023\/05\/semnar-asprea-2012-min.jpeg\" alt=\"\" class=\"uag-image-1312\" width=\"1024\" height=\"291\" title=\"\" loading=\"lazy\" role=\"img\"\/><\/figure><\/div>\n<\/div>\n\n\n\n<div class=\"wp-block-uagb-container uagb-block-28c6391f\">\n<div class=\"wp-block-uagb-info-box uagb-block-facf26db uagb-infobox__content-wrap  uagb-infobox-icon-above-title uagb-infobox-image-valign-top\"><div class=\"uagb-ifb-content\"><div class=\"uagb-ifb-title-wrap\"><h2 class=\"uagb-ifb-title\"><strong>Estatutos de Asprea<\/strong><\/h2><\/div><p class=\"uagb-ifb-desc\">Los Estatutos de la Asociaci\u00f3n Colombiana de Profesionales con Estudio en la Rep\u00fablica Federal de Alemania pueden ser visualizados y descargados desde aqu\u00ed.&nbsp;<br><\/p><div class=\"uagb-ifb-button-wrapper wp-block-button\"><a href=\"https:\/\/www.asprea.org\/Estatutos Asprea 2021.pdf\" target=\"_blank\" onclick=\"return true;\" class=\"uagb-infobox-cta-link\" rel=\"noopener noreferrer\" alt=\"\"><span class=\"uagb-inline-editing\">Leer m\u00e1s<\/span><svg xmlns=\"https:\/\/www.w3.org\/2000\/svg\" viewBox=\"0 0 512 512\"><path d=\"M504.3 273.6l-112.1 104c-6.992 6.484-17.18 8.218-25.94 4.406c-8.758-3.812-14.42-12.45-14.42-21.1L351.9 288H32C14.33 288 .0002 273.7 .0002 255.1S14.33 224 32 224h319.9l0-72c0-9.547 5.66-18.19 14.42-22c8.754-3.809 18.95-2.075 25.94 4.41l112.1 104C514.6 247.9 514.6 264.1 504.3 273.6z\"><\/path><\/svg><\/a><\/div><\/div><\/div>\n<\/div>\n<\/div><\/div>\n\n\n\n<div class=\"wp-block-uagb-container uagb-block-ace9e294 alignfull uagb-is-root-container\"><div class=\"uagb-container-inner-blocks-wrap\">\n<div class=\"wp-block-uagb-container uagb-block-286c15d8\">\n<div class=\"wp-block-uagb-image uagb-block-11b56dc4 wp-block-uagb-image--layout-default wp-block-uagb-image--effect-zoomin wp-block-uagb-image--align-none\"><figure class=\"wp-block-uagb-image__figure\"><img decoding=\"async\" srcset=\"https:\/\/asprea.org\/sitio\/wp-content\/uploads\/2024\/05\/concierto-asprea-2023-min-1-1024x768.jpeg ,https:\/\/asprea.org\/sitio\/wp-content\/uploads\/2024\/05\/concierto-asprea-2023-min-1-scaled.jpeg 780w, https:\/\/asprea.org\/sitio\/wp-content\/uploads\/2024\/05\/concierto-asprea-2023-min-1-scaled.jpeg 360w\" sizes=\"auto, (max-width: 480px) 150px\" src=\"https:\/\/asprea.org\/sitio\/wp-content\/uploads\/2024\/05\/concierto-asprea-2023-min-1-1024x768.jpeg\" alt=\"\" class=\"uag-image-1837\" width=\"372\" height=\"279\" title=\"concierto-asprea-2023-min-1\" loading=\"lazy\" role=\"img\"\/><\/figure><\/div>\n<\/div>\n\n\n\n<div class=\"wp-block-uagb-container uagb-block-de7ee12a\">\n<div class=\"wp-block-uagb-info-box uagb-block-c103d195 uagb-infobox__content-wrap  uagb-infobox-icon-above-title uagb-infobox-image-valign-top\"><div class=\"uagb-ifb-content\"><div class=\"uagb-ifb-title-wrap\"><h2 class=\"uagb-ifb-title\"><strong>Estado de Resultados 2023<\/strong><\/h2><\/div><p class=\"uagb-ifb-desc\">El estado de resultados de 2023 puede ser consultado y descargado desde aqu\u00ed.&nbsp;<br><\/p><div class=\"uagb-ifb-button-wrapper wp-block-button\"><a href=\"https:\/\/www.asprea.org\/Est-Result-Dic-23.pdf\" target=\"_blank\" onclick=\"return true;\" class=\"uagb-infobox-cta-link\" rel=\"noopener noreferrer\" alt=\"\"><span class=\"uagb-inline-editing\">Leer m\u00e1s<\/span><svg xmlns=\"https:\/\/www.w3.org\/2000\/svg\" viewBox=\"0 0 512 512\"><path d=\"M504.3 273.6l-112.1 104c-6.992 6.484-17.18 8.218-25.94 4.406c-8.758-3.812-14.42-12.45-14.42-21.1L351.9 288H32C14.33 288 .0002 273.7 .0002 255.1S14.33 224 32 224h319.9l0-72c0-9.547 5.66-18.19 14.42-22c8.754-3.809 18.95-2.075 25.94 4.41l112.1 104C514.6 247.9 514.6 264.1 504.3 273.6z\"><\/path><\/svg><\/a><\/div><\/div><\/div>\n<\/div>\n<\/div><\/div>\n\n\n\n<div class=\"wp-block-uagb-container uagb-block-ee1365ce alignfull uagb-is-root-container\"><div class=\"uagb-container-inner-blocks-wrap\">\n<div class=\"wp-block-uagb-container uagb-block-a444e7e5\">\n<div class=\"wp-block-uagb-image uagb-block-670aed14 wp-block-uagb-image--layout-default wp-block-uagb-image--effect-zoomin wp-block-uagb-image--align-none\"><figure class=\"wp-block-uagb-image__figure\"><img decoding=\"async\" srcset=\"https:\/\/asprea.org\/sitio\/wp-content\/uploads\/2024\/05\/concierto-asprea-2023-min-1-1024x768.jpeg ,https:\/\/asprea.org\/sitio\/wp-content\/uploads\/2024\/05\/concierto-asprea-2023-min-1-scaled.jpeg 780w, https:\/\/asprea.org\/sitio\/wp-content\/uploads\/2024\/05\/concierto-asprea-2023-min-1-scaled.jpeg 360w\" sizes=\"auto, (max-width: 480px) 150px\" src=\"https:\/\/asprea.org\/sitio\/wp-content\/uploads\/2024\/05\/concierto-asprea-2023-min-1-1024x768.jpeg\" alt=\"\" class=\"uag-image-1837\" width=\"372\" height=\"279\" title=\"concierto-asprea-2023-min-1\" loading=\"lazy\" role=\"img\"\/><\/figure><\/div>\n<\/div>\n\n\n\n<div class=\"wp-block-uagb-container uagb-block-a820a64a\">\n<div class=\"wp-block-uagb-info-box uagb-block-fdbb6f2e uagb-infobox__content-wrap  uagb-infobox-icon-above-title uagb-infobox-image-valign-top\"><div class=\"uagb-ifb-content\"><div class=\"uagb-ifb-title-wrap\"><h2 class=\"uagb-ifb-title\"><strong>Balance contable Asprea 2023<\/strong><\/h2><\/div><p class=\"uagb-ifb-desc\">El estado de la situaci\u00f3n financiera al final  del a\u00f1o 2023 puede ser consultado y descargado desde aqu\u00ed.\u00a0<br><\/p><div class=\"uagb-ifb-button-wrapper wp-block-button\"><a href=\"https:\/\/www.asprea.org\/Est-Sit-Finac-Dic-23.pdf\" target=\"_blank\" onclick=\"return true;\" class=\"uagb-infobox-cta-link\" rel=\"noopener noreferrer\" alt=\"\"><span class=\"uagb-inline-editing\">Leer m\u00e1s<\/span><svg xmlns=\"https:\/\/www.w3.org\/2000\/svg\" viewBox=\"0 0 512 512\"><path d=\"M504.3 273.6l-112.1 104c-6.992 6.484-17.18 8.218-25.94 4.406c-8.758-3.812-14.42-12.45-14.42-21.1L351.9 288H32C14.33 288 .0002 273.7 .0002 255.1S14.33 224 32 224h319.9l0-72c0-9.547 5.66-18.19 14.42-22c8.754-3.809 18.95-2.075 25.94 4.41l112.1 104C514.6 247.9 514.6 264.1 504.3 273.6z\"><\/path><\/svg><\/a><\/div><\/div><\/div>\n<\/div>\n<\/div><\/div>\n\n\n\n<div class=\"wp-block-uagb-container uagb-block-a275f265 alignfull uagb-is-root-container\"><div class=\"uagb-container-inner-blocks-wrap\">\n<div class=\"wp-block-uagb-container uagb-block-5c082279\">\n<div class=\"wp-block-uagb-image uagb-block-ca3a45d4 wp-block-uagb-image--layout-default wp-block-uagb-image--effect-zoomin wp-block-uagb-image--align-none\"><figure class=\"wp-block-uagb-image__figure\"><img decoding=\"async\" srcset=\"https:\/\/asprea.org\/sitio\/wp-content\/uploads\/2024\/05\/concierto-asprea-2023-min-1-1024x768.jpeg ,https:\/\/asprea.org\/sitio\/wp-content\/uploads\/2024\/05\/concierto-asprea-2023-min-1-scaled.jpeg 780w, https:\/\/asprea.org\/sitio\/wp-content\/uploads\/2024\/05\/concierto-asprea-2023-min-1-scaled.jpeg 360w\" sizes=\"auto, (max-width: 480px) 150px\" src=\"https:\/\/asprea.org\/sitio\/wp-content\/uploads\/2024\/05\/concierto-asprea-2023-min-1-1024x768.jpeg\" alt=\"\" class=\"uag-image-1837\" width=\"372\" height=\"279\" title=\"concierto-asprea-2023-min-1\" loading=\"lazy\" role=\"img\"\/><\/figure><\/div>\n<\/div>\n\n\n\n<div class=\"wp-block-uagb-container uagb-block-1bdce30e\">\n<div class=\"wp-block-uagb-info-box uagb-block-93adc0ec uagb-infobox__content-wrap  uagb-infobox-icon-above-title uagb-infobox-image-valign-top\"><div class=\"uagb-ifb-content\"><div class=\"uagb-ifb-title-wrap\"><h2 class=\"uagb-ifb-title\"><strong>Notas al estado de resultados de Asprea 2023<\/strong><\/h2><\/div><p class=\"uagb-ifb-desc\">Las notas al estado de resultados de Asprea durante el a\u00f1o 2023 puede ser consultado y descargado desde aqu\u00ed.\u00a0<br><\/p><div class=\"uagb-ifb-button-wrapper wp-block-button\"><a href=\"https:\/\/www.asprea.org\/Notas-Dic-23.pdf\" target=\"_blank\" onclick=\"return true;\" class=\"uagb-infobox-cta-link\" rel=\"noopener noreferrer\" alt=\"\"><span class=\"uagb-inline-editing\">Leer m\u00e1s<\/span><svg xmlns=\"https:\/\/www.w3.org\/2000\/svg\" viewBox=\"0 0 512 512\"><path d=\"M504.3 273.6l-112.1 104c-6.992 6.484-17.18 8.218-25.94 4.406c-8.758-3.812-14.42-12.45-14.42-21.1L351.9 288H32C14.33 288 .0002 273.7 .0002 255.1S14.33 224 32 224h319.9l0-72c0-9.547 5.66-18.19 14.42-22c8.754-3.809 18.95-2.075 25.94 4.41l112.1 104C514.6 247.9 514.6 264.1 504.3 273.6z\"><\/path><\/svg><\/a><\/div><\/div><\/div>\n<\/div>\n<\/div><\/div>\n\n\n\n<div class=\"wp-block-uagb-container uagb-block-846bc209 alignfull uagb-is-root-container\"><div class=\"uagb-container-inner-blocks-wrap\">\n<div class=\"wp-block-uagb-container uagb-block-e0495bc3\">\n<div class=\"wp-block-uagb-image uagb-block-c91c9259 wp-block-uagb-image--layout-default wp-block-uagb-image--effect-zoomin wp-block-uagb-image--align-none\"><figure class=\"wp-block-uagb-image__figure\"><img decoding=\"async\" srcset=\"https:\/\/asprea.org\/sitio\/wp-content\/uploads\/2024\/05\/concierto-asprea-2023-min-1-1024x768.jpeg ,https:\/\/asprea.org\/sitio\/wp-content\/uploads\/2024\/05\/concierto-asprea-2023-min-1-scaled.jpeg 780w, https:\/\/asprea.org\/sitio\/wp-content\/uploads\/2024\/05\/concierto-asprea-2023-min-1-scaled.jpeg 360w\" sizes=\"auto, (max-width: 480px) 150px\" src=\"https:\/\/asprea.org\/sitio\/wp-content\/uploads\/2024\/05\/concierto-asprea-2023-min-1-1024x768.jpeg\" alt=\"\" class=\"uag-image-1837\" width=\"372\" height=\"279\" title=\"concierto-asprea-2023-min-1\" loading=\"lazy\" role=\"img\"\/><\/figure><\/div>\n<\/div>\n\n\n\n<div class=\"wp-block-uagb-container uagb-block-c14e971c\">\n<div class=\"wp-block-uagb-info-box uagb-block-27a04e8c uagb-infobox__content-wrap  uagb-infobox-icon-above-title uagb-infobox-image-valign-top\"><div class=\"uagb-ifb-content\"><div class=\"uagb-ifb-title-wrap\"><h2 class=\"uagb-ifb-title\"><strong>Informe actividades 2023<\/strong><\/h2><\/div><p class=\"uagb-ifb-desc\">El informe de actividades de la asociaci\u00f3n durante el a\u00f1o 2023 puede ser consultado y descargado desde aqu\u00ed.&nbsp;<br><\/p><div class=\"uagb-ifb-button-wrapper wp-block-button\"><a href=\"https:\/\/www.asprea.org\/Informe anual Asprea 2023.pdf\" target=\"_blank\" onclick=\"return true;\" class=\"uagb-infobox-cta-link\" rel=\"noopener noreferrer\" alt=\"\"><span class=\"uagb-inline-editing\">Leer m\u00e1s<\/span><svg xmlns=\"https:\/\/www.w3.org\/2000\/svg\" viewBox=\"0 0 512 512\"><path d=\"M504.3 273.6l-112.1 104c-6.992 6.484-17.18 8.218-25.94 4.406c-8.758-3.812-14.42-12.45-14.42-21.1L351.9 288H32C14.33 288 .0002 273.7 .0002 255.1S14.33 224 32 224h319.9l0-72c0-9.547 5.66-18.19 14.42-22c8.754-3.809 18.95-2.075 25.94 4.41l112.1 104C514.6 247.9 514.6 264.1 504.3 273.6z\"><\/path><\/svg><\/a><\/div><\/div><\/div>\n<\/div>\n<\/div><\/div>\n\n\n\n<div class=\"wp-block-uagb-container uagb-block-654335e8 alignfull uagb-is-root-container\"><div class=\"uagb-container-inner-blocks-wrap\">\n<div class=\"wp-block-uagb-container uagb-block-18b67bba\">\n<div class=\"wp-block-uagb-image uagb-block-3d3ea3dc wp-block-uagb-image--layout-default wp-block-uagb-image--effect-zoomin wp-block-uagb-image--align-none\"><figure class=\"wp-block-uagb-image__figure\"><img decoding=\"async\" srcset=\"https:\/\/asprea.org\/sitio\/wp-content\/uploads\/2023\/05\/concierto-2022.png , https:\/\/asprea.org\/sitio\/wp-content\/uploads\/2023\/05\/asamblea-2017-300x169.jpeg 360w\" sizes=\"auto, (max-width: 480px) 150px\" src=\"https:\/\/asprea.org\/sitio\/wp-content\/uploads\/2023\/05\/concierto-2022.png\" alt=\"\" class=\"uag-image-1672\" width=\"390\" height=\"200\" title=\"\" loading=\"lazy\" role=\"img\"\/><\/figure><\/div>\n<\/div>\n\n\n\n<div class=\"wp-block-uagb-container uagb-block-956a16a5\">\n<div class=\"wp-block-uagb-info-box uagb-block-5a282b8e uagb-infobox__content-wrap  uagb-infobox-icon-above-title uagb-infobox-image-valign-top\"><div class=\"uagb-ifb-content\"><div class=\"uagb-ifb-title-wrap\"><h2 class=\"uagb-ifb-title\"><strong>Informe actividades 2022<\/strong><\/h2><\/div><p class=\"uagb-ifb-desc\">El informe de actividades de la asociaci\u00f3n durante el a\u00f1o 2022 puede ser consultado y descargado desde aqu\u00ed.&nbsp;<br><\/p><div class=\"uagb-ifb-button-wrapper wp-block-button\"><a href=\"https:\/\/www.asprea.org\/Informe anual Asprea 2022.pdf\" target=\"_blank\" onclick=\"return true;\" class=\"uagb-infobox-cta-link\" rel=\"noopener noreferrer\" alt=\"\"><span class=\"uagb-inline-editing\">Leer m\u00e1s<\/span><svg xmlns=\"https:\/\/www.w3.org\/2000\/svg\" viewBox=\"0 0 512 512\"><path d=\"M504.3 273.6l-112.1 104c-6.992 6.484-17.18 8.218-25.94 4.406c-8.758-3.812-14.42-12.45-14.42-21.1L351.9 288H32C14.33 288 .0002 273.7 .0002 255.1S14.33 224 32 224h319.9l0-72c0-9.547 5.66-18.19 14.42-22c8.754-3.809 18.95-2.075 25.94 4.41l112.1 104C514.6 247.9 514.6 264.1 504.3 273.6z\"><\/path><\/svg><\/a><\/div><\/div><\/div>\n<\/div>\n<\/div><\/div>\n\n\n\n<div class=\"wp-block-uagb-container uagb-block-d48bbc54 alignfull uagb-is-root-container\"><div class=\"uagb-container-inner-blocks-wrap\">\n<div class=\"wp-block-uagb-container uagb-block-d8ecceab\">\n<div class=\"wp-block-uagb-image uagb-block-879bd61f wp-block-uagb-image--layout-default wp-block-uagb-image--effect-zoomin wp-block-uagb-image--align-none\"><figure class=\"wp-block-uagb-image__figure\"><img decoding=\"async\" srcset=\"https:\/\/asprea.org\/sitio\/wp-content\/uploads\/2023\/05\/bogota-min-1024x768.jpeg , https:\/\/asprea.org\/sitio\/wp-content\/uploads\/2023\/05\/asamblea-2017-300x169.jpeg 360w\" sizes=\"auto, (max-width: 480px) 150px\" src=\"https:\/\/asprea.org\/sitio\/wp-content\/uploads\/2023\/05\/bogota-min-1024x768.jpeg\" alt=\"\" class=\"uag-image-1675\" width=\"1024\" height=\"300\" title=\"\" loading=\"lazy\" role=\"img\"\/><\/figure><\/div>\n<\/div>\n\n\n\n<div class=\"wp-block-uagb-container uagb-block-f6d45ea9\">\n<div class=\"wp-block-uagb-info-box uagb-block-e9ca774e uagb-infobox__content-wrap  uagb-infobox-icon-above-title uagb-infobox-image-valign-top\"><div class=\"uagb-ifb-content\"><div class=\"uagb-ifb-title-wrap\"><h2 class=\"uagb-ifb-title\"><strong>Asprea 30 a\u00f1os <\/strong><\/h2><\/div><p class=\"uagb-ifb-desc\">Prof. Carlos Guti\u00e9rrez <br>Un recuento de la historia de Asprea desde su creaci\u00f3n hasta la celebraci\u00f3n de los 30 a\u00f1os de la asociaci\u00f3n. importante documento escrito por el primer presidente que tuvo la Asociaci\u00f3n de Colombiana de Profesionales con Estudio en Alemania .  &nbsp;<br><\/p><div class=\"uagb-ifb-button-wrapper wp-block-button\"><a href=\"https:\/\/www.asprea.org\/imagenes\/Los_30_de_ASPREA_Carlos_Gutierrez.pdf\" target=\"_blank\" onclick=\"return true;\" class=\"uagb-infobox-cta-link\" rel=\"noopener noreferrer\" alt=\"\"><span class=\"uagb-inline-editing\">Leer m\u00e1s<\/span><svg xmlns=\"https:\/\/www.w3.org\/2000\/svg\" viewBox=\"0 0 512 512\"><path d=\"M504.3 273.6l-112.1 104c-6.992 6.484-17.18 8.218-25.94 4.406c-8.758-3.812-14.42-12.45-14.42-21.1L351.9 288H32C14.33 288 .0002 273.7 .0002 255.1S14.33 224 32 224h319.9l0-72c0-9.547 5.66-18.19 14.42-22c8.754-3.809 18.95-2.075 25.94 4.41l112.1 104C514.6 247.9 514.6 264.1 504.3 273.6z\"><\/path><\/svg><\/a><\/div><\/div><\/div>\n<\/div>\n<\/div><\/div>\n\n\n\n<div class=\"wp-block-uagb-container uagb-block-9c77eb40 alignfull uagb-is-root-container\"><div class=\"uagb-container-inner-blocks-wrap\">\n<div class=\"wp-block-uagb-container uagb-block-2c9b42c3\">\n<div class=\"wp-block-uagb-image uagb-block-6f3dbd1f wp-block-uagb-image--layout-default wp-block-uagb-image--effect-static wp-block-uagb-image--align-none\"><figure class=\"wp-block-uagb-image__figure\"><img decoding=\"async\" srcset=\"https:\/\/asprea.org\/sitio\/wp-content\/uploads\/2023\/05\/foto1.jpeg , https:\/\/asprea.org\/sitio\/wp-content\/uploads\/2023\/05\/asamblea-2017-300x169.jpeg 360w\" sizes=\"auto, (max-width: 480px) 150px\" src=\"https:\/\/asprea.org\/sitio\/wp-content\/uploads\/2023\/05\/foto1.jpeg\" alt=\"\" class=\"uag-image-1326\" width=\"509\" height=\"299\" title=\"\" loading=\"lazy\" role=\"img\"\/><\/figure><\/div>\n<\/div>\n\n\n\n<div class=\"wp-block-uagb-container uagb-block-3cc4b3ff\">\n<div class=\"wp-block-uagb-info-box uagb-block-f7bea4fe uagb-infobox__content-wrap  uagb-infobox-icon-above-title uagb-infobox-image-valign-top\"><div class=\"uagb-ifb-content\"><div class=\"uagb-ifb-title-wrap\"><h2 class=\"uagb-ifb-title\"><strong>Berl\u00edn 1961 <\/strong><\/h2><\/div><p class=\"uagb-ifb-desc\">Arq. Jorge Cadavid L\u00f3pez <br>El siguiente documento es una an\u00e9cdota hist\u00f3rica del Arq. Jorge Cadavid L\u00f3pez cuando coincidencialmente en sus viajes de estudiante en Europa le toco vivir la g\u00e9nesis del Muro de Berl\u00edn.  &nbsp;<br><\/p><div class=\"uagb-ifb-button-wrapper wp-block-button\"><a href=\"https:\/\/www.asprea.org\/BERLI\u0301N 1961.pdf\" target=\"_blank\" onclick=\"return true;\" class=\"uagb-infobox-cta-link\" rel=\"noopener noreferrer\" alt=\"\"><span class=\"uagb-inline-editing\">Leer m\u00e1s<\/span><svg xmlns=\"https:\/\/www.w3.org\/2000\/svg\" viewBox=\"0 0 512 512\"><path d=\"M504.3 273.6l-112.1 104c-6.992 6.484-17.18 8.218-25.94 4.406c-8.758-3.812-14.42-12.45-14.42-21.1L351.9 288H32C14.33 288 .0002 273.7 .0002 255.1S14.33 224 32 224h319.9l0-72c0-9.547 5.66-18.19 14.42-22c8.754-3.809 18.95-2.075 25.94 4.41l112.1 104C514.6 247.9 514.6 264.1 504.3 273.6z\"><\/path><\/svg><\/a><\/div><\/div><\/div>\n<\/div>\n<\/div><\/div>\n\n\n\n<div class=\"wp-block-uagb-container uagb-block-72d381ec alignfull uagb-is-root-container\"><div class=\"uagb-container-inner-blocks-wrap\">\n<div class=\"wp-block-uagb-container uagb-block-6795fe5e\">\n<div class=\"wp-block-uagb-image uagb-block-df0d94e3 wp-block-uagb-image--layout-default wp-block-uagb-image--effect-static wp-block-uagb-image--align-none\"><figure class=\"wp-block-uagb-image__figure\"><img decoding=\"async\" srcset=\"https:\/\/asprea.org\/sitio\/wp-content\/uploads\/2023\/05\/union-europea-2005-min-300x267.png ,https:\/\/asprea.org\/sitio\/wp-content\/uploads\/2023\/05\/union-europea-2005-min.png 780w, https:\/\/asprea.org\/sitio\/wp-content\/uploads\/2023\/05\/union-europea-2005-min-300x267.png 360w\" sizes=\"auto, (max-width: 480px) 150px\" src=\"https:\/\/asprea.org\/sitio\/wp-content\/uploads\/2023\/05\/union-europea-2005-min-300x267.png\" alt=\"\" class=\"uag-image-1355\" width=\"400\" height=\"320\" title=\"\" loading=\"lazy\" role=\"img\"\/><\/figure><\/div>\n<\/div>\n\n\n\n<div class=\"wp-block-uagb-container uagb-block-de0a3c8c\">\n<div class=\"wp-block-uagb-info-box uagb-block-62923e17 uagb-infobox__content-wrap  uagb-infobox-icon-above-title uagb-infobox-image-valign-top\"><div class=\"uagb-ifb-content\"><div class=\"uagb-ifb-title-wrap\"><h2 class=\"uagb-ifb-title\"><strong>Los \u00daltimos Testigos de la Guerra <\/strong><\/h2><\/div><p class=\"uagb-ifb-desc\">Documento escrito en el 2005 por el Economista Benjam\u00edn Ram\u00edrez B.  quien en ese momento hace un an\u00e1lisis de la Europa de posguerra tambi\u00e9n a la luz de acontecimientos posteriores que impactaron a la Europa pol\u00edtica, la construcci\u00f3n y ca\u00edda del muro de Berl\u00edn, la Guerra fr\u00eda, el derrumbe de la Uni\u00f3n Sovi\u00e9tica.&nbsp;<br><\/p><div class=\"uagb-ifb-button-wrapper wp-block-button\"><a href=\"https:\/\/www.asprea.org\/Testigos de la Guerra.pdf\" target=\"_blank\" onclick=\"return true;\" class=\"uagb-infobox-cta-link\" rel=\"noopener noreferrer\" alt=\"\"><span class=\"uagb-inline-editing\">Leer m\u00e1s<\/span><svg xmlns=\"https:\/\/www.w3.org\/2000\/svg\" viewBox=\"0 0 512 512\"><path d=\"M504.3 273.6l-112.1 104c-6.992 6.484-17.18 8.218-25.94 4.406c-8.758-3.812-14.42-12.45-14.42-21.1L351.9 288H32C14.33 288 .0002 273.7 .0002 255.1S14.33 224 32 224h319.9l0-72c0-9.547 5.66-18.19 14.42-22c8.754-3.809 18.95-2.075 25.94 4.41l112.1 104C514.6 247.9 514.6 264.1 504.3 273.6z\"><\/path><\/svg><\/a><\/div><\/div><\/div>\n<\/div>\n<\/div><\/div>\n\n\n\n<div class=\"wp-block-uagb-container uagb-block-b0ef541e alignfull uagb-is-root-container\"><div class=\"uagb-container__shape uagb-container__shape-top\"><svg xmlns=\"https:\/\/www.w3.org\/2000\/svg\" viewBox=\"0 0 1000 100\" preserveAspectRatio=\"none\"><path class=\"uagb-container__shape-fill\" opacity=\"0.33\" d=\"M473,67.3c-203.9,88.3-263.1-34-320.3,0C66,119.1,0,59.7,0,59.7V0h1000v59.7 c0,0-62.1,26.1-94.9,29.3c-32.8,3.3-62.8-12.3-75.8-22.1C806,49.6,745.3,8.7,694.9,4.7S492.4,59,473,67.3z\"><\/path><path class=\"uagb-container__shape-fill\" opacity=\"0.66\" d=\"M734,67.3c-45.5,0-77.2-23.2-129.1-39.1c-28.6-8.7-150.3-10.1-254,39.1 s-91.7-34.4-149.2,0C115.7,118.3,0,39.8,0,39.8V0h1000v36.5c0,0-28.2-18.5-92.1-18.5C810.2,18.1,775.7,67.3,734,67.3z\"><\/path><path class=\"uagb-container__shape-fill\" d=\"M766.1,28.9c-200-57.5-266,65.5-395.1,19.5C242,1.8,242,5.4,184.8,20.6C128,35.8,132.3,44.9,89.9,52.5C28.6,63.7,0,0,0,0 h1000c0,0-9.9,40.9-83.6,48.1S829.6,47,766.1,28.9z\"><\/path><\/svg><\/div><div class=\"uagb-container-inner-blocks-wrap\"><\/div><\/div>\n","protected":false},"excerpt":{"rendered":"<p>Adem\u00e1s de nuestros informes encontrar\u00e1 documentos hist\u00f3ricos escritos por asociados sobre sus experiencias en Alemania.<\/p>\n","protected":false},"author":1,"featured_media":0,"parent":0,"menu_order":0,"comment_status":"closed","ping_status":"closed","template":"","meta":{"_uag_custom_page_level_css":"","site-sidebar-layout":"default","site-content-layout":"","ast-site-content-layout":"default","site-content-style":"default","site-sidebar-style":"default","ast-global-header-display":"","ast-banner-title-visibility":"","ast-main-header-display":"","ast-hfb-above-header-display":"","ast-hfb-below-header-display":"","ast-hfb-mobile-header-display":"","site-post-title":"disabled","ast-breadcrumbs-content":"","ast-featured-img":"","footer-sml-layout":"","theme-transparent-header-meta":"disabled","adv-header-id-meta":"","stick-header-meta":"","header-above-stick-meta":"","header-main-stick-meta":"","header-below-stick-meta":"","astra-migrate-meta-layouts":"set","ast-page-background-enabled":"default","ast-page-background-meta":{"desktop":{"background-color":"var(--ast-global-color-4)","background-image":"","background-repeat":"repeat","background-position":"center center","background-size":"auto","background-attachment":"scroll","background-type":"","background-media":"","overlay-type":"","overlay-color":"","overlay-opacity":"","overlay-gradient":""},"tablet":{"background-color":"","background-image":"","background-repeat":"repeat","background-position":"center center","background-size":"auto","background-attachment":"scroll","background-type":"","background-media":"","overlay-type":"","overlay-color":"","overlay-opacity":"","overlay-gradient":""},"mobile":{"background-color":"","background-image":"","background-repeat":"repeat","background-position":"center center","background-size":"auto","background-attachment":"scroll","background-type":"","background-media":"","overlay-type":"","overlay-color":"","overlay-opacity":"","overlay-gradient":""}},"ast-content-background-meta":{"desktop":{"background-color":"var(--ast-global-color-5)","background-image":"","background-repeat":"repeat","background-position":"center center","background-size":"auto","background-attachment":"scroll","background-type":"","background-media":"","overlay-type":"","overlay-color":"","overlay-opacity":"","overlay-gradient":""},"tablet":{"background-color":"var(--ast-global-color-5)","background-image":"","background-repeat":"repeat","background-position":"center center","background-size":"auto","background-attachment":"scroll","background-type":"","background-media":"","overlay-type":"","overlay-color":"","overlay-opacity":"","overlay-gradient":""},"mobile":{"background-color":"var(--ast-global-color-5)","background-image":"","background-repeat":"repeat","background-position":"center center","background-size":"auto","background-attachment":"scroll","background-type":"","background-media":"","overlay-type":"","overlay-color":"","overlay-opacity":"","overlay-gradient":""}},"footnotes":""},"class_list":["post-1276","page","type-page","status-publish","hentry"],"uagb_featured_image_src":{"full":false,"thumbnail":false,"medium":false,"medium_large":false,"large":false,"1536x1536":false,"2048x2048":false},"uagb_author_info":{"display_name":"master","author_link":"https:\/\/asprea.org\/index.php\/author\/master\/"},"uagb_comment_info":0,"uagb_excerpt":"Adem\u00e1s de nuestros informes encontrar\u00e1 documentos hist\u00f3ricos escritos por asociados sobre sus experiencias en Alemania.","_links":{"self":[{"href":"https:\/\/asprea.org\/index.php\/wp-json\/wp\/v2\/pages\/1276","targetHints":{"allow":["GET"]}}],"collection":[{"href":"https:\/\/asprea.org\/index.php\/wp-json\/wp\/v2\/pages"}],"about":[{"href":"https:\/\/asprea.org\/index.php\/wp-json\/wp\/v2\/types\/page"}],"author":[{"embeddable":true,"href":"https:\/\/asprea.org\/index.php\/wp-json\/wp\/v2\/users\/1"}],"replies":[{"embeddable":true,"href":"https:\/\/asprea.org\/index.php\/wp-json\/wp\/v2\/comments?post=1276"}],"version-history":[{"count":61,"href":"https:\/\/asprea.org\/index.php\/wp-json\/wp\/v2\/pages\/1276\/revisions"}],"predecessor-version":[{"id":1882,"href":"https:\/\/asprea.org\/index.php\/wp-json\/wp\/v2\/pages\/1276\/revisions\/1882"}],"wp:attachment":[{"href":"https:\/\/asprea.org\/index.php\/wp-json\/wp\/v2\/media?parent=1276"}],"curies":[{"name":"wp","href":"https:\/\/api.w.org\/{rel}","templated":true}]}}